{"id":13294,"date":"2023-02-07T10:54:53","date_gmt":"2023-02-07T07:54:53","guid":{"rendered":"https:\/\/medcityclinic.com\/it\/?page_id=13294"},"modified":"2023-02-15T16:55:55","modified_gmt":"2023-02-15T13:55:55","slug":"ricostruzione-del-seno","status":"publish","type":"page","link":"https:\/\/medcityclinic.com\/it\/ricostruzione-del-seno\/","title":{"rendered":"Ricostruzione Del Seno"},"content":{"rendered":"<div data-elementor-type=\"wp-page\" data-elementor-id=\"13294\" class=\"elementor elementor-13294\">\n\t\t\t\t\t\t<section class=\"elementor-section elementor-top-section elementor-element elementor-element-ebf2625 elementor-section-boxed elementor-section-height-default elementor-section-height-default\" data-id=\"ebf2625\" data-element_type=\"section\">\n\t\t\t\t\t\t<div class=\"elementor-container elementor-column-gap-default\">\n\t\t\t\t\t<div class=\"lqd-css-sticky-column elementor-column elementor-col-50 elementor-top-column elementor-element elementor-element-a6f0c9b\" style=\"--lqd-sticky-offset:-50px\" data-id=\"a6f0c9b\" data-element_type=\"column\">\n\t\t\t<div class=\"elementor-widget-wrap elementor-element-populated\">\n\t\t\t\t\t\t<section class=\"elementor-section elementor-inner-section elementor-element elementor-element-002ccb4 elementor-section-boxed elementor-section-height-default elementor-section-height-default\" data-id=\"002ccb4\" data-element_type=\"section\" data-settings=\"{&quot;background_background&quot;:&quot;classic&quot;}\">\n\t\t\t\t\t\t<div class=\"elementor-container elementor-column-gap-default\">\n\t\t\t\t\t<div class=\"elementor-column elementor-col-100 elementor-inner-column elementor-element elementor-element-98ee4fc\" data-id=\"98ee4fc\" data-element_type=\"column\">\n\t\t\t<div class=\"elementor-widget-wrap elementor-element-populated\">\n\t\t\t\t\t\t<div class=\"elementor-element elementor-element-22d9181 elementor-widget elementor-widget-heading\" data-id=\"22d9181\" data-element_type=\"widget\" data-widget_type=\"heading.default\">\n\t\t\t\t<div class=\"elementor-widget-container\">\n\t\t\t\t\t<h2 class=\"elementor-heading-title elementor-size-default\">Processo Di Trattamento\n<\/h2>\t\t\t\t<\/div>\n\t\t\t\t<\/div>\n\t\t\t\t\t<\/div>\n\t\t<\/div>\n\t\t\t\t\t<\/div>\n\t\t<\/section>\n\t\t\t\t<section class=\"elementor-section elementor-inner-section elementor-element elementor-element-bdaa377 elementor-section-boxed elementor-section-height-default elementor-section-height-default\" data-id=\"bdaa377\" data-element_type=\"section\" data-settings=\"{&quot;background_background&quot;:&quot;classic&quot;}\">\n\t\t\t\t\t\t<div class=\"elementor-container elementor-column-gap-default\">\n\t\t\t\t\t<div class=\"elementor-column elementor-col-50 elementor-inner-column elementor-element elementor-element-396dae5\" data-id=\"396dae5\" data-element_type=\"column\">\n\t\t\t<div class=\"elementor-widget-wrap elementor-element-populated\">\n\t\t\t\t\t\t<div class=\"elementor-element elementor-element-0910531 elementor-icon-list--layout-traditional elementor-list-item-link-full_width elementor-widget elementor-widget-icon-list\" data-id=\"0910531\" data-element_type=\"widget\" data-widget_type=\"icon-list.default\">\n\t\t\t\t<div class=\"elementor-widget-container\">\n\t\t\t\t\t\t\t<ul class=\"elementor-icon-list-items\">\n\t\t\t\t\t\t\t<li class=\"elementor-icon-list-item\">\n\t\t\t\t\t\t\t\t\t\t\t<span class=\"elementor-icon-list-icon\">\n\t\t\t\t\t\t\t<i aria-hidden=\"true\" class=\"fas fa-bed\"><\/i>\t\t\t\t\t\t<\/span>\n\t\t\t\t\t\t\t\t\t\t<span class=\"elementor-icon-list-text\">Durata Del Soggiorno<\/span>\n\t\t\t\t\t\t\t\t\t<\/li>\n\t\t\t\t\t\t\t\t<li class=\"elementor-icon-list-item\">\n\t\t\t\t\t\t\t\t\t\t\t<span class=\"elementor-icon-list-icon\">\n\t\t\t\t\t\t\t<i aria-hidden=\"true\" class=\"fas fa-hospital-symbol\"><\/i>\t\t\t\t\t\t<\/span>\n\t\t\t\t\t\t\t\t\t\t<span class=\"elementor-icon-list-text\">Durata Dell'ospedale<\/span>\n\t\t\t\t\t\t\t\t\t<\/li>\n\t\t\t\t\t\t\t\t<li class=\"elementor-icon-list-item\">\n\t\t\t\t\t\t\t\t\t\t\t<span class=\"elementor-icon-list-icon\">\n\t\t\t\t\t\t\t<i aria-hidden=\"true\" class=\"fas fa-clock\"><\/i>\t\t\t\t\t\t<\/span>\n\t\t\t\t\t\t\t\t\t\t<span class=\"elementor-icon-list-text\">Durata Dell'operazione<\/span>\n\t\t\t\t\t\t\t\t\t<\/li>\n\t\t\t\t\t\t\t\t<li class=\"elementor-icon-list-item\">\n\t\t\t\t\t\t\t\t\t\t\t<span class=\"elementor-icon-list-icon\">\n\t\t\t\t\t\t\t<i aria-hidden=\"true\" class=\"fas fa-syringe\"><\/i>\t\t\t\t\t\t<\/span>\n\t\t\t\t\t\t\t\t\t\t<span class=\"elementor-icon-list-text\">Anestesia<\/span>\n\t\t\t\t\t\t\t\t\t<\/li>\n\t\t\t\t\t\t\t\t<li class=\"elementor-icon-list-item\">\n\t\t\t\t\t\t\t\t\t\t\t<span class=\"elementor-icon-list-icon\">\n\t\t\t\t\t\t\t<i aria-hidden=\"true\" class=\"fas fa-heart\"><\/i>\t\t\t\t\t\t<\/span>\n\t\t\t\t\t\t\t\t\t\t<span class=\"elementor-icon-list-text\">Tempo Di Recupero<\/span>\n\t\t\t\t\t\t\t\t\t<\/li>\n\t\t\t\t\t\t<\/ul>\n\t\t\t\t\t\t<\/div>\n\t\t\t\t<\/div>\n\t\t\t\t\t<\/div>\n\t\t<\/div>\n\t\t\t\t<div class=\"elementor-column elementor-col-50 elementor-inner-column elementor-element elementor-element-9ec02b5\" data-id=\"9ec02b5\" data-element_type=\"column\">\n\t\t\t<div class=\"elementor-widget-wrap elementor-element-populated\">\n\t\t\t\t\t\t<div class=\"elementor-element elementor-element-f26052c elementor-align-right elementor-icon-list--layout-traditional elementor-list-item-link-full_width elementor-widget elementor-widget-icon-list\" data-id=\"f26052c\" data-element_type=\"widget\" data-widget_type=\"icon-list.default\">\n\t\t\t\t<div class=\"elementor-widget-container\">\n\t\t\t\t\t\t\t<ul class=\"elementor-icon-list-items\">\n\t\t\t\t\t\t\t<li class=\"elementor-icon-list-item\">\n\t\t\t\t\t\t\t\t\t\t<span class=\"elementor-icon-list-text\">7 Giorno<\/span>\n\t\t\t\t\t\t\t\t\t<\/li>\n\t\t\t\t\t\t\t\t<li class=\"elementor-icon-list-item\">\n\t\t\t\t\t\t\t\t\t\t<span class=\"elementor-icon-list-text\">1 Giorno<\/span>\n\t\t\t\t\t\t\t\t\t<\/li>\n\t\t\t\t\t\t\t\t<li class=\"elementor-icon-list-item\">\n\t\t\t\t\t\t\t\t\t\t<span class=\"elementor-icon-list-text\">2 - 4 Ore<\/span>\n\t\t\t\t\t\t\t\t\t<\/li>\n\t\t\t\t\t\t\t\t<li class=\"elementor-icon-list-item\">\n\t\t\t\t\t\t\t\t\t\t<span class=\"elementor-icon-list-text\">Anestesia Generale<\/span>\n\t\t\t\t\t\t\t\t\t<\/li>\n\t\t\t\t\t\t\t\t<li class=\"elementor-icon-list-item\">\n\t\t\t\t\t\t\t\t\t\t<span class=\"elementor-icon-list-text\">1 - 2 Settimane<\/span>\n\t\t\t\t\t\t\t\t\t<\/li>\n\t\t\t\t\t\t<\/ul>\n\t\t\t\t\t\t<\/div>\n\t\t\t\t<\/div>\n\t\t\t\t\t<\/div>\n\t\t<\/div>\n\t\t\t\t\t<\/div>\n\t\t<\/section>\n\t\t\t\t<section class=\"elementor-section elementor-inner-section elementor-element elementor-element-de4d133 elementor-section-boxed elementor-section-height-default elementor-section-height-default\" data-id=\"de4d133\" data-element_type=\"section\" data-settings=\"{&quot;background_background&quot;:&quot;classic&quot;}\">\n\t\t\t\t\t\t<div class=\"elementor-container elementor-column-gap-default\">\n\t\t\t\t\t<div class=\"elementor-column elementor-col-100 elementor-inner-column elementor-element elementor-element-6a40fdc\" data-id=\"6a40fdc\" data-element_type=\"column\" data-settings=\"{&quot;background_background&quot;:&quot;classic&quot;}\">\n\t\t\t<div class=\"elementor-widget-wrap elementor-element-populated\">\n\t\t\t\t\t\t<div class=\"elementor-element elementor-element-e61e163 elementor-widget elementor-widget-heading\" data-id=\"e61e163\" data-element_type=\"widget\" data-widget_type=\"heading.default\">\n\t\t\t\t<div class=\"elementor-widget-container\">\n\t\t\t\t\t<h2 class=\"elementor-heading-title elementor-size-default\">Ottieni Ora l'offerta\n<\/h2>\t\t\t\t<\/div>\n\t\t\t\t<\/div>\n\t\t\t\t<div class=\"elementor-element elementor-element-1937845 elementor-widget elementor-widget-spacer\" data-id=\"1937845\" data-element_type=\"widget\" data-widget_type=\"spacer.default\">\n\t\t\t\t<div class=\"elementor-widget-container\">\n\t\t\t\t\t\t\t<div class=\"elementor-spacer\">\n\t\t\t<div class=\"elementor-spacer-inner\"><\/div>\n\t\t<\/div>\n\t\t\t\t\t\t<\/div>\n\t\t\t\t<\/div>\n\t\t\t\t<div class=\"elementor-element elementor-element-a276473 elementor-widget elementor-widget-ld_cf722\" data-id=\"a276473\" data-element_type=\"widget\" data-widget_type=\"ld_cf722.default\">\n\t\t\t\t<div class=\"elementor-widget-container\">\n\t\t\t\t\t\n\t<div class=\"lqd-contact-form lqd-contact-form-button-block\" >\n\t\t<div class=\"wpcf7 no-js\" id=\"wpcf7-f8632-o1\" lang=\"en-US\" dir=\"ltr\">\n<div class=\"screen-reader-response\"><p role=\"status\" aria-live=\"polite\" aria-atomic=\"true\"><\/p> <ul><\/ul><\/div>\n<form action=\"\/it\/wp-json\/wp\/v2\/pages\/13294#wpcf7-f8632-o1\" method=\"post\" class=\"wpcf7-form init\" aria-label=\"Contact form\" novalidate=\"novalidate\" data-status=\"init\">\n<div style=\"display: none;\">\n<input type=\"hidden\" name=\"_wpcf7\" value=\"8632\" \/>\n<input type=\"hidden\" name=\"_wpcf7_version\" value=\"5.7.2\" \/>\n<input type=\"hidden\" name=\"_wpcf7_locale\" value=\"en_US\" \/>\n<input type=\"hidden\" name=\"_wpcf7_unit_tag\" value=\"wpcf7-f8632-o1\" \/>\n<input type=\"hidden\" name=\"_wpcf7_container_post\" value=\"0\" \/>\n<input type=\"hidden\" name=\"_wpcf7_posted_data_hash\" value=\"\" \/>\n<\/div>\n<div class=\"row\">\n\t<div class=\"col-md-12\">\n\t\t<p><span class=\"wpcf7-form-control-wrap\" data-name=\"adi\"><input size=\"40\" class=\"wpcf7-form-control wpcf7-text wpcf7-validates-as-required\" aria-required=\"true\" aria-invalid=\"false\" placeholder=\"Nome\" value=\"\" type=\"text\" name=\"adi\" \/><\/span><i style=\"color:#fff;\" class=\"lqd-icn-ess icon-lqd-user\"><\/i>\n\t\t<\/p>\n\t<\/div>\n\t<div class=\"col-md-12\">\n\t\t<p><span class=\"wpcf7-form-control-wrap\" data-name=\"tel\"><input size=\"40\" class=\"wpcf7-form-control wpcf7-text wpcf7-validates-as-required\" aria-required=\"true\" aria-invalid=\"false\" placeholder=\"Telefono\" value=\"\" type=\"text\" name=\"tel\" \/><\/span><i style=\"color:#fff;\" aria-hidden=\"true\" class=\"fas fa-mobile-alt\"><\/i>\n\t\t<\/p>\n\t<\/div>\n\t<div class=\"col-md-12\">\n\t\t<p><span class=\"wpcf7-form-control-wrap\" data-name=\"mesaj\"><textarea cols=\"40\" rows=\"1\" class=\"wpcf7-form-control wpcf7-textarea\" aria-invalid=\"false\" placeholder=\"Messaggio\" name=\"mesaj\"><\/textarea><\/span><i style=\"color:#fff;\" aria-hidden=\"true\" class=\"far fa-comment-alt\"><\/i>\n\t\t<\/p>\n\t<\/div>\n\t<div class=\"col-md-12\">\n\t\t<p><input class=\"wpcf7-form-control has-spinner wpcf7-submit\" type=\"submit\" value=\"Invia il Modulo\" \/>\n\t\t<\/p>\n\t<\/div>\n<\/div><div class=\"wpcf7-response-output\" aria-hidden=\"true\"><\/div><\/form><\/div>\t<\/div>\n\n\t\t\t\t\t<\/div>\n\t\t\t\t<\/div>\n\t\t\t\t\t<\/div>\n\t\t<\/div>\n\t\t\t\t\t<\/div>\n\t\t<\/section>\n\t\t\t\t\t<\/div>\n\t\t<\/div>\n\t\t\t\t<div class=\"elementor-column elementor-col-50 elementor-top-column elementor-element elementor-element-81bea27\" data-id=\"81bea27\" data-element_type=\"column\">\n\t\t\t<div class=\"elementor-widget-wrap elementor-element-populated\">\n\t\t\t\t\t\t<div class=\"elementor-element elementor-element-dea40a7 elementor-widget elementor-widget-heading\" data-id=\"dea40a7\" data-element_type=\"widget\" data-widget_type=\"heading.default\">\n\t\t\t\t<div class=\"elementor-widget-container\">\n\t\t\t\t\t<h2 class=\"elementor-heading-title elementor-size-default\">Ricostruzione Del Seno<\/h2>\t\t\t\t<\/div>\n\t\t\t\t<\/div>\n\t\t\t\t<div class=\"elementor-element elementor-element-93ca2a2 elementor-widget elementor-widget-text-editor\" data-id=\"93ca2a2\" data-element_type=\"widget\" data-widget_type=\"text-editor.default\">\n\t\t\t\t<div class=\"elementor-widget-container\">\n\t\t\t\t\t\t\t\t\t<p>Il tipo pi\u00f9 comune di cancro nelle donne \u00e8 il cancro al seno. Nelle donne che sono sopravvissute a questa malattia, potrebbe essere necessario rimuovere il tessuto tumorale dal seno o talvolta dall\u2019intero seno. Questo pu\u00f2 portare ad alcune conseguenze traumatiche. Le persone possono sentirsi incomplete o pensare di non sembrare abbastanza femminili. La rimozione di parte o di tutto il seno a causa del cancro al seno \u00e8 chiamata mastectomia.<\/p><p>Gli interventi di ricostruzione del seno possono essere eseguiti anche durante gli interventi di mastectomia e possono essere utili per le persone per superare gli effetti della perdita del seno.<\/p><p><strong>Come viene eseguita la chirurgia ricostruttiva del seno?<\/strong><\/p><p>La chirurgia ricostruttiva del seno pu\u00f2 essere eseguita con diverse tecniche. Il metodo pi\u00f9 preferito \u00e8 il metodo di ingrandimento della pelle applicato insieme alla chirurgia della mastectomia. Questo \u00e8 un intervento chirurgico eseguito in pi\u00f9 fasi. Per questa applicazione, una protesi che dilata la pelle viene posizionata sotto la pelle del seno dopo la rimozione del seno. Dopo l\u2019intervento chirurgico, questa protesi posizionata sotto la pelle viene iniettata con acqua salata dal medico. Questo processo pu\u00f2 richiedere settimane e continua fino a quando la pelle non cresce come desiderato. Dopo che la pelle si espande quanto desiderato, la protesi viene rimossa con una seconda operazione e al suo posto viene posizionata una protesi permanente. Nel metodo di ricostruzione del lembo, il seno viene ricostruito con tessuto prelevato da diverse parti del corpo. A volte pu\u00f2 essere necessario inserire una protesi sotto questo tessuto. Questo \u00e8 un intervento chirurgico con pi\u00f9 fasi. Rispetto al metodo di espansione cutanea, il processo di guarigione \u00e8 pi\u00f9 lungo e la cicatrice chirurgica \u00e8 maggiore. Il vantaggio della ricostruzione del lembo \u00e8 che dona al seno un aspetto naturale.<\/p>\t\t\t\t\t\t\t\t<\/div>\n\t\t\t\t<\/div>\n\t\t\t\t<div class=\"elementor-element elementor-element-3dbc6f2 elementor-widget-divider--view-line elementor-widget elementor-widget-divider\" data-id=\"3dbc6f2\" data-element_type=\"widget\" data-widget_type=\"divider.default\">\n\t\t\t\t<div class=\"elementor-widget-container\">\n\t\t\t\t\t\t\t<div class=\"elementor-divider\">\n\t\t\t<span class=\"elementor-divider-separator\">\n\t\t\t\t\t\t<\/span>\n\t\t<\/div>\n\t\t\t\t\t\t<\/div>\n\t\t\t\t<\/div>\n\t\t\t\t<div class=\"elementor-element elementor-element-4ece4d1 elementor-widget elementor-widget-heading\" data-id=\"4ece4d1\" data-element_type=\"widget\" id=\"fue-sac-ekimi-sik-sorulan-sorular\" data-widget_type=\"heading.default\">\n\t\t\t\t<div class=\"elementor-widget-container\">\n\t\t\t\t\t<h2 class=\"elementor-heading-title elementor-size-default\">Domande Frequenti\n<\/h2>\t\t\t\t<\/div>\n\t\t\t\t<\/div>\n\t\t\t\t<div class=\"elementor-element elementor-element-a944e80 elementor-widget elementor-widget-spacer\" data-id=\"a944e80\" data-element_type=\"widget\" data-widget_type=\"spacer.default\">\n\t\t\t\t<div class=\"elementor-widget-container\">\n\t\t\t\t\t\t\t<div class=\"elementor-spacer\">\n\t\t\t<div class=\"elementor-spacer-inner\"><\/div>\n\t\t<\/div>\n\t\t\t\t\t\t<\/div>\n\t\t\t\t<\/div>\n\t\t\t\t<div class=\"elementor-element elementor-element-095c53f elementor-widget elementor-widget-ld_accordion\" data-id=\"095c53f\" data-element_type=\"widget\" data-widget_type=\"ld_accordion.default\">\n\t\t\t\t<div class=\"elementor-widget-container\">\n\t\t\t\t\t\n\t\t<div class=\"accordion accordion-lg accordion-side-spacing accordion-title-bg-transparent accordion-expander-lg accordion-active-has-fill\" id=\"accordion-69e3a259a15c3\" role=\"tablist\" aria-multiselectable=\"true\">\n\t\t\t\t\t\t\t\t\t\t\t\t<div class=\"accordion-item panel  active\">\n\t\t\t\t\n\t\t\t\t<div class=\"accordion-heading\" role=\"tab\" id=\"heading-9811\">\n\t\t\t\t<h4 class=\"accordion-title\">\n\t\t\t\t\t<a class=\"\" role=\"button\" data-toggle=\"collapse\" \n\t\t\t\t\tdata-parent=\"#accordion-69e3a259a15c3\" href=\"#collapse-9811\" \n\t\t\t\t\taria-expanded=\"true\" aria-controls=\"collapse-9811\">\n\t\t\t\t\t\t\t\t\t\t\t\t<span class=\"accordion-title-txt\">Come viene eseguito l'intervento di ricostruzione del seno?<\/span>\n\t\t\t\t\t\t\t\t\t\t\t\t\t<span class=\"accordion-expander\"><i class=\"lqd-icn-ess icon-ion-ios-arrow-down\"><\/i><i class=\"lqd-icn-ess icon-ion-ios-arrow-up\"><\/i><\/span>\t\t\t\t\t\t\t\t\t\t\t<\/a>\n\t\t\t\t<\/h4>\n\t\t\t\t<\/div>\n\t\t\t\t\n\t\t\t\t<div id=\"collapse-9811\" class=\"accordion-collapse collapse  in\" role=\"tabpanel\" aria-labelledby=\"heading-9811\">\n\n\t\t\t\t<div class=\"accordion-content\">\n\t\t\t\t\t<p>Esistono due diversi metodi generalmente preferiti negli interventi di ricostruzione del seno. Nel primo metodo si utilizza una protesi contenente gel, soluzione fisiologica o una miscela di entrambi. L'altro metodo prevede la ricostruzione della forma del seno utilizzando tessuti molli prelevati dalla paziente stessa.<\/p>\t\t\t\t<\/div>\n\t\t\t\t\t\t\n\t\t\t\t<\/div>\n\t\t\t\t\n\t\t\t<\/div>\n\t\t\t\t\t\t\t\t\t<div class=\"accordion-item panel\">\n\t\t\t\t\n\t\t\t\t<div class=\"accordion-heading\" role=\"tab\" id=\"heading-9812\">\n\t\t\t\t<h4 class=\"accordion-title\">\n\t\t\t\t\t<a class=\"collapsed\" role=\"button\" data-toggle=\"collapse\" \n\t\t\t\t\tdata-parent=\"#accordion-69e3a259a15c3\" href=\"#collapse-9812\" \n\t\t\t\t\taria-expanded=\"false\" aria-controls=\"collapse-9812\">\n\t\t\t\t\t\t\t\t\t\t\t\t<span class=\"accordion-title-txt\">Sono passati molti anni da quando il mio seno \u00e8 stato asportato chirurgicamente. Posso ancora sottopormi a un intervento di ricostruzione del seno?<\/span>\n\t\t\t\t\t\t\t\t\t\t\t\t\t<span class=\"accordion-expander\"><i class=\"lqd-icn-ess icon-ion-ios-arrow-down\"><\/i><i class=\"lqd-icn-ess icon-ion-ios-arrow-up\"><\/i><\/span>\t\t\t\t\t\t\t\t\t\t\t<\/a>\n\t\t\t\t<\/h4>\n\t\t\t\t<\/div>\n\t\t\t\t\n\t\t\t\t<div id=\"collapse-9812\" class=\"accordion-collapse collapse\" role=\"tabpanel\" aria-labelledby=\"heading-9812\">\n\n\t\t\t\t<div class=\"accordion-content\">\n\t\t\t\t\t<p>S\u00ec, certo che \u00e8 possibile sottoporsi a un intervento di ricostruzione del seno. Questo intervento pu\u00f2 essere eseguito in tutti i periodi della vita di un adulto sano. Inoltre, se \u00e8 adatto alla chirurgia generale, la ricostruzione del seno pu\u00f2 essere eseguita anche al momento dell'asportazione del seno.<\/p>\t\t\t\t<\/div>\n\t\t\t\t\t\t\n\t\t\t\t<\/div>\n\t\t\t\t\n\t\t\t<\/div>\n\t\t\t\t\t\t\t\t\t<div class=\"accordion-item panel\">\n\t\t\t\t\n\t\t\t\t<div class=\"accordion-heading\" role=\"tab\" id=\"heading-9813\">\n\t\t\t\t<h4 class=\"accordion-title\">\n\t\t\t\t\t<a class=\"collapsed\" role=\"button\" data-toggle=\"collapse\" \n\t\t\t\t\tdata-parent=\"#accordion-69e3a259a15c3\" href=\"#collapse-9813\" \n\t\t\t\t\taria-expanded=\"false\" aria-controls=\"collapse-9813\">\n\t\t\t\t\t\t\t\t\t\t\t\t<span class=\"accordion-title-txt\">Posso riprendermi immediatamente dopo l'intervento di ricostruzione del seno?<\/span>\n\t\t\t\t\t\t\t\t\t\t\t\t\t<span class=\"accordion-expander\"><i class=\"lqd-icn-ess icon-ion-ios-arrow-down\"><\/i><i class=\"lqd-icn-ess icon-ion-ios-arrow-up\"><\/i><\/span>\t\t\t\t\t\t\t\t\t\t\t<\/a>\n\t\t\t\t<\/h4>\n\t\t\t\t<\/div>\n\t\t\t\t\n\t\t\t\t<div id=\"collapse-9813\" class=\"accordion-collapse collapse\" role=\"tabpanel\" aria-labelledby=\"heading-9813\">\n\n\t\t\t\t<div class=\"accordion-content\">\n\t\t\t\t\t<p>A seconda della tecnica utilizzata per la ricostruzione del seno, anche il processo di guarigione sar\u00e0 diverso. Il periodo di recupero dopo l'intervento \u00e8 generalmente compreso tra le quattro e le sei settimane. Nell'intervento di ricostruzione del seno, se la ricostruzione viene eseguita con i tessuti della paziente stessa, il processo di guarigione sar\u00e0 pi\u00f9 lungo rispetto alla riparazione con protesi. Dopo l'intervento si avranno dolori per alcuni giorni, una situazione del tutto normale.<\/p>\t\t\t\t<\/div>\n\t\t\t\t\t\t\n\t\t\t\t<\/div>\n\t\t\t\t\n\t\t\t<\/div>\n\t\t\t\t\t\t\n\t\t<\/div>\n\n\t\t\t\t\t\t<\/div>\n\t\t\t\t<\/div>\n\t\t\t\t\t<\/div>\n\t\t<\/div>\n\t\t\t\t\t<\/div>\n\t\t<\/section>\n\t\t\t\t<\/div>","protected":false},"excerpt":{"rendered":"<p>Processo Di Trattamento Durata Del Soggiorno Durata Dell&#8217;ospedale Durata Dell&#8217;operazione Anestesia Tempo Di Recupero 7 Giorno 1 Giorno 2 &#8211; 4 Ore Anestesia Generale 1 &#8211; 2 Settimane Ottieni Ora l&#8217;offerta Ricostruzione Del Seno Il tipo pi\u00f9 comune di cancro nelle donne \u00e8 il cancro al seno. Nelle donne che sono sopravvissute a questa malattia, [&hellip;]<\/p>","protected":false},"author":1,"featured_media":0,"parent":0,"menu_order":0,"comment_status":"closed","ping_status":"closed","template":"","meta":{"footnotes":""},"class_list":["post-13294","page","type-page","status-publish","hentry"],"_links":{"self":[{"href":"https:\/\/medcityclinic.com\/it\/wp-json\/wp\/v2\/pages\/13294","targetHints":{"allow":["GET"]}}],"collection":[{"href":"https:\/\/medcityclinic.com\/it\/wp-json\/wp\/v2\/pages"}],"about":[{"href":"https:\/\/medcityclinic.com\/it\/wp-json\/wp\/v2\/types\/page"}],"author":[{"embeddable":true,"href":"https:\/\/medcityclinic.com\/it\/wp-json\/wp\/v2\/users\/1"}],"replies":[{"embeddable":true,"href":"https:\/\/medcityclinic.com\/it\/wp-json\/wp\/v2\/comments?post=13294"}],"version-history":[{"count":8,"href":"https:\/\/medcityclinic.com\/it\/wp-json\/wp\/v2\/pages\/13294\/revisions"}],"predecessor-version":[{"id":13748,"href":"https:\/\/medcityclinic.com\/it\/wp-json\/wp\/v2\/pages\/13294\/revisions\/13748"}],"wp:attachment":[{"href":"https:\/\/medcityclinic.com\/it\/wp-json\/wp\/v2\/media?parent=13294"}],"curies":[{"name":"wp","href":"https:\/\/api.w.org\/{rel}","templated":true}]}}